{"id":668,"date":"2018-12-12T16:16:21","date_gmt":"2018-12-12T16:16:21","guid":{"rendered":"https:\/\/productionsentinel.it\/informativa-privacy\/"},"modified":"2018-12-12T16:16:21","modified_gmt":"2018-12-12T16:16:21","slug":"informativa-privacy","status":"publish","type":"page","link":"https:\/\/productionsentinel.it\/en\/informativa-privacy\/","title":{"rendered":"Informativa privacy"},"content":{"rendered":"<p><strong>INFORMATIVA PRIVACY RELATIVA AL TRATTAMENTO DEI DATI PER FINALITA\u2019 DI CONTATTO DAL SITO WEB E PER FINALIT\u00c0 DI PROFILAZIONE, MARKETING E PROMOZIONE AI SENSI DEL REGOLAMENTO UE 2016\/679 E DELLA NORMATIVA VIGENTE<\/strong><\/p>\n<p>&nbsp;<\/p>\n<p>Documento del 20 maggio 2018 rev.00<\/p>\n<ol>\n<li><strong> Chi siamo<\/strong><\/li>\n<\/ol>\n<p>La presente Informativa Vi viene resa disponibile &#8211; anche ai sensi dell\u2019art.13 del D.Lgs.30\/06\/2003 n. 196 Codice in materia di protezione dei dati personali (\u201cCodice Privacy\u201d) e dell\u2019art. 13 del\u00a0 REGOLAMENTO (UE) 2016\/679 (\u201cRegolamento\u201d o \u201cGDPR\u201d), e successive modifiche ed integrazioni \u2013 da EUEI S.r.l., con sede legale in Modena, Via Natalia Ginzburg 40, Partita Iva: 03581590365, e-mail privacy@euei.it, sito internet www.euei.it in qualit\u00e0 di Titolare del trattamento dei Vostri dati personali.<\/p>\n<p><strong>\u00a0<\/strong><\/p>\n<ol start=\"2\">\n<li><strong> Fondamento giuridico e scopo per cui trattiamo i Vostri dati, <\/strong><\/li>\n<\/ol>\n<p>I Suoi dati personali forniti nella sessione contatti del sito web verranno trattati per permettere il contatto con il personale di EUEI S.r.l. che utilizzeranno i dati per le esigenze legate alla fornitura delle informazioni richieste dall&#8217;interessato e potranno essere conservati per gestire correttamente eventuali futuri contatti.<\/p>\n<ul>\n<li>a: <em><u>Finalit\u00e0 di profilazione<\/u><\/em><\/li>\n<\/ul>\n<p>Previa raccolta di un Suo consenso esplicito e specifico, i Suoi dati personali saranno trattati per finalit\u00e0 di profilazione, in particolare per la creazione di un Suo profilo commerciale.<\/p>\n<ul>\n<li>b: <em><u>Finalit\u00e0 di marketing e promozione <\/u><\/em><\/li>\n<\/ul>\n<p>Previa raccolta di un Suo consenso esplicito e specifico, i Suoi dati personali saranno trattati per finalit\u00e0 di marketing diretto da EUEI S.r.l. in particolare per l&#8217;invio di materiale pubblicitario o di vendita diretta, compimento di ricerche di mercato o di comunicazione commerciale, l\u2019invito ad eventi, aggiornamenti sui servizi e su nuovi prodotti, campagne di vendita.<\/p>\n<p>Le attivit\u00e0 di trattamento saranno condotte sia con modalit\u00e0 di contatto automatizzate (posta elettronica, altri sistemi di comunicazione a distanza tramite reti di comunicazione come, in via meramente esemplificativa: sms, mms, whatsapp) sia con modalit\u00e0 di contatto tradizionali (posta cartacea) da parte del Titolare.<\/p>\n<p>Previa raccolta di un Suo consenso esplicito e specifico, i Suoi dati personali saranno trattati per finalit\u00e0 di marketing, con le modalit\u00e0 sopraindicate, anche da parte di terzi soggetti, a cui i Suoi dati verranno comunicati.<\/p>\n<p>I Suoi dati personali saranno trattati esclusivamente per le finalit\u00e0 sopraelencate, le cui basi giuridiche sono rinvenibili, come esplicitato nel dettaglio, nel consenso da Lei rilasciato.<\/p>\n<p><strong>\u00a0<\/strong><\/p>\n<ol start=\"3\">\n<li><strong> Natura obbligatoria o facoltativa del conferimento dei dati e conseguenze della mancata comunicazione<\/strong><\/li>\n<\/ol>\n<p>Il consenso per le finalit\u00e0 di trattamento sopra specificate \u00e8 facoltativo e la non accettazione comporter\u00e0 l\u2019impossibilit\u00e0 di essere contattato da EUEI S.r.l.<\/p>\n<p>Per quanto attiene alle finalit\u00e0 di marketing e profilazione Il consenso \u00e8 facoltativo e la non accettazione non comporta alcuna conseguenza. Tuttavia, qualora non conferisse il suo consenso, non potremo inviarle la nostra newsletter.\u00a0 In ogni momento avr\u00e0 la possibilit\u00e0 di verificare e revocare l&#8217;eventuale consenso fornito per tali finalit\u00e0.<\/p>\n<p>&nbsp;<\/p>\n<ol start=\"4\">\n<li><strong> Condivisione e trasferimento dei dati personali<\/strong><\/li>\n<\/ol>\n<p>I dati raccolti da EUEI S.r.l. potranno essere comunicati, in stretta relazione alle finalit\u00e0 sopra indicate, ai seguenti destinatari o categorie di destinatari:<\/p>\n<p>_SOGGETTI TERZI CHE SVOLGONO ATTIVIT\u00c0 PROMOZIONALI E DI MARKETING e in particolare DICITUR;<\/p>\n<p>_CONSULENTI ESTERNI O SOCIET\u00c0 DI CONSULENZA;<\/p>\n<p>_ SOCIET\u00c0 DEL GRUPPO AD CONSULTING GROUP<\/p>\n<p>&nbsp;<\/p>\n<p>I destinatari sopra indicati agiscono o in qualit\u00e0 di Titolari autonomi del trattamento o in qualit\u00e0 di Responsabili del trattamento, appositamente nominati ai sensi dell\u2019art. 28 del Regolamento UE 2016\/679, ovvero autorizzati al trattamento ai sensi dell\u2019art. 29 del Regolamento UE 2016\/679.<\/p>\n<p>Inoltre, potr\u00e0 venire a conoscenza dei Suoi dati personali il personale aziendale dipendente e\/o collaboratore appositamente istruito e autorizzato al trattamento.<\/p>\n<p>I Suoi dati personali non saranno oggetto di diffusione, salvo qualora richiesto da una norma di legge o di regolamento o dalla normativa comunitaria.<\/p>\n<p>&nbsp;<\/p>\n<ol start=\"5\">\n<li><strong> Trasferimento all\u2019estero<\/strong><\/li>\n<\/ol>\n<p>EUEI S.r.l. non trasferir\u00e0 i dati al di fuori della Comunit\u00e0 Europea.<\/p>\n<ol start=\"6\">\n<li><strong> Protezione dei dati personali<\/strong><\/li>\n<\/ol>\n<p>EUEI S.r.l. garantisce l\u2019osservanza e l\u2019applicazione dei principi di correttezza, liceit\u00e0, trasparenza, di minimizzazione, di limitazione delle finalit\u00e0 e della conservazione, con l\u2019impiego di misure di sicurezza atte a garantire l\u2019integrit\u00e0 e la riservatezza ed evitare l\u2019indebito accesso a soggetti terzi o a personale non autorizzato, a tutela della Sua riservatezza e dei Suoi diritti.<\/p>\n<p><strong>7.Trattamento basato su decisioni automatizzate e\/o profilazione<\/strong><\/p>\n<p>Previo rilascio di Suo consenso esplicito e specifico, i Suoi dati personali saranno oggetto di trattamenti automatizzati o di profilazione, come esplicitato nella finalit\u00e0 a).<\/p>\n<p>Il trattamento dei Suoi dati personali per finalit\u00e0 di profilazione avverr\u00e0 con strumenti di elaborazione dati che, a seguito di incrocio di pi\u00f9 variabili, creeranno un Suo profilo commerciale e comportamentale nel web.<\/p>\n<p>Tale strumento di elaborazione dati mette in relazione:<\/p>\n<ol>\n<li>i dati raccolti nel corso della Sua navigazione sul Sito attraverso l&#8217;utilizzo di cookie di profilazione, nel caso in cui venga rilasciato il consenso all\u2019utilizzo degli stessi. Per un approfondimento in merito ai cookies utilizzati dal sito \u201cwww.euei.it\u201d e per consentirle di modificare i consensi all\u2019utilizzo sui vari tipi di cookies, si rimanda all\u2019Informativa utilizzo Cookies;<\/li>\n<li>i dati raccolti attraverso il form da lei compilato<\/li>\n<\/ol>\n<p><strong>\u00a0<\/strong><\/p>\n<ol start=\"8\">\n<li><strong> Tempi di conservazione dei dati<\/strong><\/li>\n<\/ol>\n<p>EUEI S.r.l. conserver\u00e0 i Vostri dati personali solo per il tempo necessario a conseguire lo scopo per cui sono stati raccolti o per soddisfare i requisiti legali o regolamentari. I criteri utilizzati per determinare il periodo di conservazione sono stabiliti in accordo con:<\/p>\n<ul>\n<li>la necessit\u00e0 di continuare a conservare i dati personali raccolti per offrire i servizi concordati con l\u2019utente;<\/li>\n<li>l\u2019esistenza di disposizioni normative nazionali vigenti o linee guida dell\u2019Autorit\u00e0 garante che rendono necessario il trattamento e la conservazione dei dati per determinati periodi di tempo.<\/li>\n<\/ul>\n<p>&nbsp;<\/p>\n<ol start=\"9\">\n<li><strong> I Vostri diritti di legge<\/strong><\/li>\n<\/ol>\n<p>In relazione al trattamento dei Suoi dati personali ha diritto di chiedere a EUEI S.r.l. la conferma dell\u2019esistenza dei dati personali che la riguardano, ottenere l\u2019accesso ai dati personali, la rettifica, la cancellazione, la limitazione del trattamento, la portabilit\u00e0 dei dati presso altro titolare se consentito. Ha inoltre diritto di opporsi al trattamento per motivi legittimi.<\/p>\n<p>La informiamo che ha sempre il diritto di proporre un reclamo all&#8217;Autorit\u00e0 Garante per la protezione dei dati personali per l\u2019esercizio dei Suoi diritti o per qualsiasi altra questione relativa al trattamento dei Suoi dati personali. I predetti diritti potranno essere esercitati mediante richiesta inoltrata al titolare anche via e-mail o lettera raccomandata ai recapiti sopra indicati.<\/p>\n","protected":false},"excerpt":{"rendered":"<p>INFORMATIVA PRIVACY RELATIVA AL TRATTAMENTO DEI DATI PER FINALITA\u2019 DI CONTATTO DAL SITO WEB E PER FINALIT\u00c0 DI PROFILAZIONE, MARKETING E PROMOZIONE AI SENSI DEL REGOLAMENTO UE 2016\/679 E DELLA NORMATIVA VIGENTE &nbsp; Documento del 20 maggio 2018 rev.00 Chi siamo La presente Informativa Vi viene resa disponibile &#8211; anche ai sensi dell\u2019art.13 del D.Lgs.30\/06\/2003 [&hellip;]<\/p>\n","protected":false},"author":1,"featured_media":0,"parent":0,"menu_order":0,"comment_status":"closed","ping_status":"closed","template":"","meta":{"_et_pb_use_builder":"","_et_pb_old_content":"","_et_gb_content_width":"","footnotes":""},"class_list":["post-668","page","type-page","status-publish","hentry"],"yoast_head":"<!-- This site is optimized with the Yoast SEO plugin v27.2 - https:\/\/yoast.com\/product\/yoast-seo-wordpress\/ -->\n<title>Informativa privacy - Production Sentinel<\/title>\n<meta name=\"robots\" content=\"index, follow, max-snippet:-1, max-image-preview:large, max-video-preview:-1\" \/>\n<link rel=\"canonical\" href=\"https:\/\/productionsentinel.it\/en\/informativa-privacy\/\" \/>\n<meta property=\"og:locale\" content=\"en_US\" \/>\n<meta property=\"og:type\" content=\"article\" \/>\n<meta property=\"og:title\" content=\"Informativa privacy - Production Sentinel\" \/>\n<meta property=\"og:description\" content=\"INFORMATIVA PRIVACY RELATIVA AL TRATTAMENTO DEI DATI PER FINALITA\u2019 DI CONTATTO DAL SITO WEB E PER FINALIT\u00c0 DI PROFILAZIONE, MARKETING E PROMOZIONE AI SENSI DEL REGOLAMENTO UE 2016\/679 E DELLA NORMATIVA VIGENTE &nbsp; Documento del 20 maggio 2018 rev.00 Chi siamo La presente Informativa Vi viene resa disponibile &#8211; anche ai sensi dell\u2019art.13 del D.Lgs.30\/06\/2003 [&hellip;]\" \/>\n<meta property=\"og:url\" content=\"https:\/\/productionsentinel.it\/en\/informativa-privacy\/\" \/>\n<meta property=\"og:site_name\" content=\"Production Sentinel\" \/>\n<meta name=\"twitter:card\" content=\"summary_large_image\" \/>\n<meta name=\"twitter:label1\" content=\"Est. reading time\" \/>\n\t<meta name=\"twitter:data1\" content=\"5 minutes\" \/>\n<script type=\"application\/ld+json\" class=\"yoast-schema-graph\">{\"@context\":\"https:\/\/schema.org\",\"@graph\":[{\"@type\":\"WebPage\",\"@id\":\"https:\/\/productionsentinel.it\/en\/informativa-privacy\/\",\"url\":\"https:\/\/productionsentinel.it\/en\/informativa-privacy\/\",\"name\":\"Informativa privacy - Production Sentinel\",\"isPartOf\":{\"@id\":\"https:\/\/productionsentinel.it\/#website\"},\"datePublished\":\"2018-12-12T16:16:21+00:00\",\"breadcrumb\":{\"@id\":\"https:\/\/productionsentinel.it\/en\/informativa-privacy\/#breadcrumb\"},\"inLanguage\":\"en-US\",\"potentialAction\":[{\"@type\":\"ReadAction\",\"target\":[\"https:\/\/productionsentinel.it\/en\/informativa-privacy\/\"]}]},{\"@type\":\"BreadcrumbList\",\"@id\":\"https:\/\/productionsentinel.it\/en\/informativa-privacy\/#breadcrumb\",\"itemListElement\":[{\"@type\":\"ListItem\",\"position\":1,\"name\":\"Home\",\"item\":\"https:\/\/productionsentinel.it\/en\/\"},{\"@type\":\"ListItem\",\"position\":2,\"name\":\"Informativa privacy\"}]},{\"@type\":\"WebSite\",\"@id\":\"https:\/\/productionsentinel.it\/#website\",\"url\":\"https:\/\/productionsentinel.it\/\",\"name\":\"Production Sentinel\",\"description\":\"Il servizio IoT nato per il settore meccanico \u2013 manifatturiero ed oggi estendibile a vari campi applicativi e settori che rileva dai PLC lo stato operativo di produzione delle macchine utensili\",\"potentialAction\":[{\"@type\":\"SearchAction\",\"target\":{\"@type\":\"EntryPoint\",\"urlTemplate\":\"https:\/\/productionsentinel.it\/?s={search_term_string}\"},\"query-input\":{\"@type\":\"PropertyValueSpecification\",\"valueRequired\":true,\"valueName\":\"search_term_string\"}}],\"inLanguage\":\"en-US\"}]}<\/script>\n<!-- \/ Yoast SEO plugin. -->","yoast_head_json":{"title":"Informativa privacy - Production Sentinel","robots":{"index":"index","follow":"follow","max-snippet":"max-snippet:-1","max-image-preview":"max-image-preview:large","max-video-preview":"max-video-preview:-1"},"canonical":"https:\/\/productionsentinel.it\/en\/informativa-privacy\/","og_locale":"en_US","og_type":"article","og_title":"Informativa privacy - Production Sentinel","og_description":"INFORMATIVA PRIVACY RELATIVA AL TRATTAMENTO DEI DATI PER FINALITA\u2019 DI CONTATTO DAL SITO WEB E PER FINALIT\u00c0 DI PROFILAZIONE, MARKETING E PROMOZIONE AI SENSI DEL REGOLAMENTO UE 2016\/679 E DELLA NORMATIVA VIGENTE &nbsp; Documento del 20 maggio 2018 rev.00 Chi siamo La presente Informativa Vi viene resa disponibile &#8211; anche ai sensi dell\u2019art.13 del D.Lgs.30\/06\/2003 [&hellip;]","og_url":"https:\/\/productionsentinel.it\/en\/informativa-privacy\/","og_site_name":"Production Sentinel","twitter_card":"summary_large_image","twitter_misc":{"Est. reading time":"5 minutes"},"schema":{"@context":"https:\/\/schema.org","@graph":[{"@type":"WebPage","@id":"https:\/\/productionsentinel.it\/en\/informativa-privacy\/","url":"https:\/\/productionsentinel.it\/en\/informativa-privacy\/","name":"Informativa privacy - Production Sentinel","isPartOf":{"@id":"https:\/\/productionsentinel.it\/#website"},"datePublished":"2018-12-12T16:16:21+00:00","breadcrumb":{"@id":"https:\/\/productionsentinel.it\/en\/informativa-privacy\/#breadcrumb"},"inLanguage":"en-US","potentialAction":[{"@type":"ReadAction","target":["https:\/\/productionsentinel.it\/en\/informativa-privacy\/"]}]},{"@type":"BreadcrumbList","@id":"https:\/\/productionsentinel.it\/en\/informativa-privacy\/#breadcrumb","itemListElement":[{"@type":"ListItem","position":1,"name":"Home","item":"https:\/\/productionsentinel.it\/en\/"},{"@type":"ListItem","position":2,"name":"Informativa privacy"}]},{"@type":"WebSite","@id":"https:\/\/productionsentinel.it\/#website","url":"https:\/\/productionsentinel.it\/","name":"Production Sentinel","description":"Il servizio IoT nato per il settore meccanico \u2013 manifatturiero ed oggi estendibile a vari campi applicativi e settori che rileva dai PLC lo stato operativo di produzione delle macchine utensili","potentialAction":[{"@type":"SearchAction","target":{"@type":"EntryPoint","urlTemplate":"https:\/\/productionsentinel.it\/?s={search_term_string}"},"query-input":{"@type":"PropertyValueSpecification","valueRequired":true,"valueName":"search_term_string"}}],"inLanguage":"en-US"}]}},"_links":{"self":[{"href":"https:\/\/productionsentinel.it\/en\/wp-json\/wp\/v2\/pages\/668","targetHints":{"allow":["GET"]}}],"collection":[{"href":"https:\/\/productionsentinel.it\/en\/wp-json\/wp\/v2\/pages"}],"about":[{"href":"https:\/\/productionsentinel.it\/en\/wp-json\/wp\/v2\/types\/page"}],"author":[{"embeddable":true,"href":"https:\/\/productionsentinel.it\/en\/wp-json\/wp\/v2\/users\/1"}],"replies":[{"embeddable":true,"href":"https:\/\/productionsentinel.it\/en\/wp-json\/wp\/v2\/comments?post=668"}],"version-history":[{"count":0,"href":"https:\/\/productionsentinel.it\/en\/wp-json\/wp\/v2\/pages\/668\/revisions"}],"wp:attachment":[{"href":"https:\/\/productionsentinel.it\/en\/wp-json\/wp\/v2\/media?parent=668"}],"curies":[{"name":"wp","href":"https:\/\/api.w.org\/{rel}","templated":true}]}}